{"id":6294,"date":"2024-03-06T15:23:39","date_gmt":"2024-03-06T23:23:39","guid":{"rendered":"https:\/\/doair.com\/?page_id=6294"},"modified":"2024-05-31T20:00:21","modified_gmt":"2024-06-01T03:00:21","slug":"vip-sign-up","status":"publish","type":"page","link":"https:\/\/doair.com\/es\/vip-sign-up\/","title":{"rendered":"Registro en L\u00ednea para el Servicio VIP de HVAC"},"content":{"rendered":"<div class=\"gb-container gb-container-2fe96505\">\n<div class=\"gb-container gb-container-70f1a0ff\">\n<div class=\"gb-grid-wrapper gb-grid-wrapper-30d1ab82\">\n<div class=\"gb-grid-column gb-grid-column-f4e82f98\"><div class=\"gb-container gb-container-f4e82f98\">\n\n<h1 class=\"gb-headline gb-headline-086be519 gb-headline-text\">Registro Gratuito para Obtener los Beneficios de Miembro VIP de DOAIR!<\/h1>\n\n\n<div class=\"gb-container gb-container-726f2485\">\n\n<h2 class=\"gb-headline gb-headline-559b0668\"><span class=\"gb-icon\"><svg aria-hidden=\"true\" role=\"img\" height=\"1em\" width=\"1em\" viewBox=\"0 0 448 512\" xmlns=\"http:\/\/www.w3.org\/2000\/svg\"><path fill=\"currentColor\" d=\"M400 32H48C21.49 32 0 53.49 0 80v352c0 26.51 21.49 48 48 48h352c26.51 0 48-21.49 48-48V80c0-26.51-21.49-48-48-48zm0 400H48V80h352v352zm-35.864-241.724L191.547 361.48c-4.705 4.667-12.303 4.637-16.97-.068l-90.781-91.516c-4.667-4.705-4.637-12.303.069-16.971l22.719-22.536c4.705-4.667 12.303-4.637 16.97.069l59.792 60.277 141.352-140.216c4.705-4.667 12.303-4.637 16.97.068l22.536 22.718c4.667 4.706 4.637 12.304-.068 16.971z\"><\/path><\/svg><\/span><span class=\"gb-headline-text\">Sin costo de visita<\/span><\/h2>\n\n\n\n<h2 class=\"gb-headline gb-headline-b2f88d26\"><span class=\"gb-icon\"><svg aria-hidden=\"true\" role=\"img\" height=\"1em\" width=\"1em\" viewBox=\"0 0 448 512\" xmlns=\"http:\/\/www.w3.org\/2000\/svg\"><path fill=\"currentColor\" d=\"M400 32H48C21.49 32 0 53.49 0 80v352c0 26.51 21.49 48 48 48h352c26.51 0 48-21.49 48-48V80c0-26.51-21.49-48-48-48zm0 400H48V80h352v352zm-35.864-241.724L191.547 361.48c-4.705 4.667-12.303 4.637-16.97-.068l-90.781-91.516c-4.667-4.705-4.637-12.303.069-16.971l22.719-22.536c4.705-4.667 12.303-4.637 16.97.069l59.792 60.277 141.352-140.216c4.705-4.667 12.303-4.637 16.97.068l22.536 22.718c4.667 4.706 4.637 12.304-.068 16.971z\"><\/path><\/svg><\/span><span class=\"gb-headline-text\">Ofertas especiales de vez en cuando.<\/span><\/h2>\n\n\n\n<h2 class=\"gb-headline gb-headline-126d8d5e\"><span class=\"gb-icon\"><svg aria-hidden=\"true\" role=\"img\" height=\"1em\" width=\"1em\" viewBox=\"0 0 448 512\" xmlns=\"http:\/\/www.w3.org\/2000\/svg\"><path fill=\"currentColor\" d=\"M400 32H48C21.49 32 0 53.49 0 80v352c0 26.51 21.49 48 48 48h352c26.51 0 48-21.49 48-48V80c0-26.51-21.49-48-48-48zm0 400H48V80h352v352zm-35.864-241.724L191.547 361.48c-4.705 4.667-12.303 4.637-16.97-.068l-90.781-91.516c-4.667-4.705-4.637-12.303.069-16.971l22.719-22.536c4.705-4.667 12.303-4.637 16.97.069l59.792 60.277 141.352-140.216c4.705-4.667 12.303-4.637 16.97.068l22.536 22.718c4.667 4.706 4.637 12.304-.068 16.971z\"><\/path><\/svg><\/span><span class=\"gb-headline-text\">Programaci\u00f3n prioritaria de solicitudes de servicio durante las temporadas pico.<\/span><\/h2>\n\n<\/div>\n\n<div class=\"gb-container gb-container-05c1692a\">\n<div class=\"gb-container gb-container-14f3cefd\">\n\n<h2 class=\"gb-headline gb-headline-e4aa46a5 gb-headline-text\">Licenciado<\/h2>\n\n\n\n<p>Contratista de HVAC de California C20 con licencia.<\/p>\n\n<\/div>\n\n<div class=\"gb-container gb-container-f42c3b25\">\n\n<h2 class=\"gb-headline gb-headline-6aa046dd gb-headline-text\">Asegurado<\/h2>\n\n\n\n<p>Asegurado con responsabilidad civil y seguro de compensaci\u00f3n para trabajadores.<\/p>\n\n<\/div>\n\n<div class=\"gb-container gb-container-3f1c1b48\">\n\n<h2 class=\"gb-headline gb-headline-25beacf4 gb-headline-text\">Calidad<\/h2>\n\n\n\n<p>Utiliza solo equipos y materiales de alta calidad.<\/p>\n\n<\/div>\n<\/div>\n<\/div><\/div>\n\n<div class=\"gb-grid-column gb-grid-column-c60225c4\"><div class=\"gb-container gb-container-c60225c4\">\n<div class=\"wpforms-container wpforms-container-full wpforms-block wpforms-block-86b97761-83db-48ac-b9fb-3ec8fc1d2670 wpforms-render-modern\" id=\"wpforms-6221\"><form id=\"wpforms-form-6221\" class=\"wpforms-validate wpforms-form wpforms-ajax-form\" data-formid=\"6221\" method=\"post\" enctype=\"multipart\/form-data\" action=\"\/es\/wp-json\/wp\/v2\/pages\/6294\" data-token=\"fbf2d3140ca1e12da863296868bf5bfa\" data-token-time=\"1776038045\"><noscript class=\"wpforms-error-noscript\">Por favor, activa JavaScript en tu navegador para completar este formulario.<\/noscript><div id=\"wpforms-error-noscript\" style=\"display: none;\">Por favor, activa JavaScript en tu navegador para completar este formulario.<\/div><div class=\"wpforms-field-container\"><div id=\"wpforms-6221-field_1-container\" class=\"wpforms-field wpforms-field-name\" data-field-id=\"1\"><fieldset><legend class=\"wpforms-field-label\">Name <span class=\"wpforms-required-label\" aria-hidden=\"true\">*<\/span><\/legend><div class=\"wpforms-field-row wpforms-field-large\"><div class=\"wpforms-field-row-block wpforms-first wpforms-one-half\"><input type=\"text\" id=\"wpforms-6221-field_1\" class=\"wpforms-field-name-first wpforms-field-required\" name=\"wpforms[fields][1][first]\" placeholder=\"First Name\" aria-errormessage=\"wpforms-6221-field_1-error\" required><label for=\"wpforms-6221-field_1\" class=\"wpforms-field-sublabel after wpforms-sublabel-hide\">Nombre<\/label><\/div><div class=\"wpforms-field-row-block wpforms-one-half\"><input type=\"text\" id=\"wpforms-6221-field_1-last\" class=\"wpforms-field-name-last wpforms-field-required\" name=\"wpforms[fields][1][last]\" placeholder=\"Last Name\" aria-errormessage=\"wpforms-6221-field_1-last-error\" required><label for=\"wpforms-6221-field_1-last\" class=\"wpforms-field-sublabel after wpforms-sublabel-hide\">Apellidos<\/label><\/div><\/div><\/fieldset><\/div><div id=\"wpforms-6221-field_2-container\" class=\"wpforms-field wpforms-field-email\" data-field-id=\"2\"><label class=\"wpforms-field-label\" for=\"wpforms-6221-field_2\">Email <span class=\"wpforms-required-label\" aria-hidden=\"true\">*<\/span><\/label><input type=\"email\" id=\"wpforms-6221-field_2\" class=\"wpforms-field-large wpforms-field-required\" name=\"wpforms[fields][2]\" spellcheck=\"false\" aria-errormessage=\"wpforms-6221-field_2-error\" required><\/div><div id=\"wpforms-6221-field_3-container\" class=\"wpforms-field wpforms-field-phone\" data-field-id=\"3\"><label class=\"wpforms-field-label\" for=\"wpforms-6221-field_3\">Phone <span class=\"wpforms-required-label\" aria-hidden=\"true\">*<\/span><\/label><input type=\"tel\" id=\"wpforms-6221-field_3\" class=\"wpforms-field-large wpforms-field-required wpforms-smart-phone-field\" data-rule-smart-phone-field=\"true\" name=\"wpforms[fields][3]\" aria-label=\"Phone\" aria-errormessage=\"wpforms-6221-field_3-error\" required><\/div><div id=\"wpforms-6221-field_9-container\" class=\"wpforms-field wpforms-field-radio wpforms-conditional-trigger\" data-field-id=\"9\"><fieldset><legend class=\"wpforms-field-label wpforms-label-hide\" aria-hidden=\"false\">Multiple Choice <span class=\"wpforms-required-label\" aria-hidden=\"true\">*<\/span><\/legend><ul id=\"wpforms-6221-field_9\" class=\"wpforms-field-required\"><li class=\"choice-1 depth-1 wpforms-selected\"><input type=\"radio\" id=\"wpforms-6221-field_9_1\" name=\"wpforms[fields][9]\" value=\"Suscribirse\" aria-errormessage=\"wpforms-6221-field_9_1-error\" required  checked='checked'><label class=\"wpforms-field-label-inline\" for=\"wpforms-6221-field_9_1\">Suscribirse<\/label><\/li><li class=\"choice-2 depth-1\"><input type=\"radio\" id=\"wpforms-6221-field_9_2\" name=\"wpforms[fields][9]\" value=\"Solicitud de servicio\" aria-errormessage=\"wpforms-6221-field_9_2-error\" required ><label class=\"wpforms-field-label-inline\" for=\"wpforms-6221-field_9_2\">Solicitud de servicio<\/label><\/li><\/ul><\/fieldset><\/div><div id=\"wpforms-6221-field_4-container\" class=\"wpforms-field wpforms-field-address wpforms-conditional-field wpforms-conditional-show\" data-field-id=\"4\" style=\"display:none;\"><fieldset><legend class=\"wpforms-field-label\">Address <span class=\"wpforms-required-label\" aria-hidden=\"true\">*<\/span><\/legend><div class=\"wpforms-field-row wpforms-field-large\"><div ><input type=\"text\" id=\"wpforms-6221-field_4\" class=\"wpforms-field-address-address1 wpforms-field-required\" name=\"wpforms[fields][4][address1]\" data-autocomplete=\"1\" aria-errormessage=\"wpforms-6221-field_4-error\" required><label for=\"wpforms-6221-field_4\" class=\"wpforms-field-sublabel after\">Direcci\u00f3n (l\u00ednea 1)<\/label><\/div><\/div><div class=\"wpforms-field-row wpforms-field-large\"><div ><input type=\"text\" id=\"wpforms-6221-field_4-address2\" class=\"wpforms-field-address-address2\" name=\"wpforms[fields][4][address2]\" aria-errormessage=\"wpforms-6221-field_4-address2-error\" ><label for=\"wpforms-6221-field_4-address2\" class=\"wpforms-field-sublabel after\">Direcci\u00f3n 2<\/label><\/div><\/div><div class=\"wpforms-field-row wpforms-field-large\"><div class=\"wpforms-field-row-block wpforms-one-half wpforms-first\"><input type=\"text\" id=\"wpforms-6221-field_4-city\" class=\"wpforms-field-address-city wpforms-field-required\" name=\"wpforms[fields][4][city]\" aria-errormessage=\"wpforms-6221-field_4-city-error\" required><label for=\"wpforms-6221-field_4-city\" class=\"wpforms-field-sublabel after\">Ciudad<\/label><\/div><div class=\"wpforms-field-row-block wpforms-one-half\"><select id=\"wpforms-6221-field_4-state\" class=\"wpforms-field-address-state wpforms-field-required\" name=\"wpforms[fields][4][state]\" aria-errormessage=\"wpforms-6221-field_4-state-error\" required><option class=\"placeholder\" value=\"\" selected disabled>&#8212; Selecciona state &#8212;<\/option><option value=\"AL\" >Alabama<\/option><option value=\"AK\" >Alaska<\/option><option value=\"AZ\" >Arizona<\/option><option value=\"AR\" >Arkansas<\/option><option value=\"CA\" >California<\/option><option value=\"CO\" >Colorado<\/option><option value=\"CT\" >Connecticut<\/option><option value=\"DE\" >Delaware<\/option><option value=\"DC\" >Distrito de Columbia<\/option><option value=\"FL\" >Florida<\/option><option value=\"GA\" >Georgia<\/option><option value=\"HI\" >Hawai<\/option><option value=\"ID\" >Idaho<\/option><option value=\"IL\" >Illinois<\/option><option value=\"IN\" >Indiana<\/option><option value=\"IA\" >Iowa<\/option><option value=\"KS\" >Kansas<\/option><option value=\"KY\" >Kentucky<\/option><option value=\"LA\" >Luisiana<\/option><option value=\"ME\" >Maine<\/option><option value=\"MD\" >Maryland<\/option><option value=\"MA\" >Massachusetts<\/option><option value=\"MI\" >M\u00edchigan<\/option><option value=\"MN\" >Minnesota<\/option><option value=\"MS\" >Misisip\u00ed<\/option><option value=\"MO\" >Misuri<\/option><option value=\"MT\" >Montana<\/option><option value=\"NE\" >Nebraska<\/option><option value=\"NV\" >Nevada<\/option><option value=\"NH\" >Nuevo Hampshire<\/option><option value=\"NJ\" >Nueva Jersey<\/option><option value=\"NM\" >Nuevo M\u00e9xico<\/option><option value=\"NY\" >Nueva York<\/option><option value=\"NC\" >Carolina del norte<\/option><option value=\"ND\" >Dakota del norte<\/option><option value=\"OH\" >Ohio<\/option><option value=\"OK\" >Oklahoma<\/option><option value=\"OR\" >Oreg\u00f3n<\/option><option value=\"PA\" >Pensilvania<\/option><option value=\"RI\" >Rhode Island<\/option><option value=\"SC\" >Carolina del Sur<\/option><option value=\"SD\" >Dakota del Sur<\/option><option value=\"TN\" >Tennessee<\/option><option value=\"TX\" >Texas<\/option><option value=\"UT\" >Utah<\/option><option value=\"VT\" >Vermont<\/option><option value=\"VA\" >Virginia<\/option><option value=\"WA\" >Washington<\/option><option value=\"WV\" >Virginia Occidental<\/option><option value=\"WI\" >Wisconsin<\/option><option value=\"WY\" >Wyoming<\/option><\/select><label for=\"wpforms-6221-field_4-state\" class=\"wpforms-field-sublabel after\">Provincia<\/label><\/div><\/div><div class=\"wpforms-field-row wpforms-field-large\"><div class=\"wpforms-field-row-block wpforms-one-half wpforms-first\"><input type=\"text\" id=\"wpforms-6221-field_4-postal\" class=\"wpforms-field-address-postal wpforms-field-required wpforms-masked-input\" data-inputmask-mask=\"(99999)|(99999-9999)\" data-inputmask-keepstatic=\"true\" data-rule-inputmask-incomplete=\"1\" name=\"wpforms[fields][4][postal]\" aria-errormessage=\"wpforms-6221-field_4-postal-error\" required><label for=\"wpforms-6221-field_4-postal\" class=\"wpforms-field-sublabel after\">C\u00f3digo Postal<\/label><\/div><\/div><\/fieldset><\/div><div id=\"wpforms-6221-field_5-container\" class=\"wpforms-field wpforms-field-radio wpforms-conditional-field wpforms-conditional-show wpforms-conditional-trigger\" data-field-id=\"5\" style=\"display:none;\"><fieldset><legend class=\"wpforms-field-label\">\u00bfQu\u00e9 podemos hacer por ti? <span class=\"wpforms-required-label\" aria-hidden=\"true\">*<\/span><\/legend><ul id=\"wpforms-6221-field_5\" class=\"wpforms-field-required\"><li class=\"choice-1 depth-1\"><input type=\"radio\" id=\"wpforms-6221-field_5_1\" name=\"wpforms[fields][5]\" value=\"Reparaci\u00f3n\" aria-errormessage=\"wpforms-6221-field_5_1-error\" required ><label class=\"wpforms-field-label-inline\" for=\"wpforms-6221-field_5_1\">Reparaci\u00f3n<\/label><\/li><li class=\"choice-2 depth-1\"><input type=\"radio\" id=\"wpforms-6221-field_5_2\" name=\"wpforms[fields][5]\" value=\"Instalaci\u00f3n\" aria-errormessage=\"wpforms-6221-field_5_2-error\" required ><label class=\"wpforms-field-label-inline\" for=\"wpforms-6221-field_5_2\">Instalaci\u00f3n<\/label><\/li><li class=\"choice-3 depth-1\"><input type=\"radio\" id=\"wpforms-6221-field_5_3\" name=\"wpforms[fields][5]\" value=\"Mantenimiento\" aria-errormessage=\"wpforms-6221-field_5_3-error\" required ><label class=\"wpforms-field-label-inline\" for=\"wpforms-6221-field_5_3\">Mantenimiento<\/label><\/li><\/ul><\/fieldset><\/div><div id=\"wpforms-6221-field_6-container\" class=\"wpforms-field wpforms-field-textarea wpforms-conditional-field wpforms-conditional-show\" data-field-id=\"6\" style=\"display:none;\"><label class=\"wpforms-field-label\" for=\"wpforms-6221-field_6\">\u00bfPuede describir el problema o el servicio requerido?<\/label><textarea id=\"wpforms-6221-field_6\" class=\"wpforms-field-medium\" name=\"wpforms[fields][6]\" aria-errormessage=\"wpforms-6221-field_6-error\" ><\/textarea><\/div><div id=\"wpforms-6221-field_7-container\" class=\"wpforms-field wpforms-field-checkbox\" data-field-id=\"7\"><fieldset><legend class=\"wpforms-field-label wpforms-label-hide\" aria-hidden=\"false\">Checkboxes <span class=\"wpforms-required-label\" aria-hidden=\"true\">*<\/span><\/legend><ul id=\"wpforms-6221-field_7\" class=\"wpforms-field-required\"><li class=\"choice-1 depth-1\"><input type=\"checkbox\" id=\"wpforms-6221-field_7_1\" name=\"wpforms[fields][7][]\" value=\"Acepto recibir notificaciones por SMS del n\u00famero (888) 373-9988, incluidas notificaciones de Atenci\u00f3n al Cliente y Eventos. He le\u00eddo y acepto la &lt;strong&gt;&lt;a href=&quot;\/es\/privacy-policy&quot;&gt;Pol\u00edtica de Privacidad&lt;\/a&gt;&lt;\/strong&gt;. Entiendo que puedo revocar mi consentimiento para recibir notificaciones por SMS en cualquier momento respondiendo con &quot;STOP&quot;.\" aria-errormessage=\"wpforms-6221-field_7_1-error\" required ><label class=\"wpforms-field-label-inline\" for=\"wpforms-6221-field_7_1\">Acepto recibir notificaciones por SMS del n\u00famero (888) 373-9988, incluidas notificaciones de Atenci\u00f3n al Cliente y Eventos. He le\u00eddo y acepto la <strong><a href=\"\/es\/privacy-policy\">Pol\u00edtica de Privacidad<\/a><\/strong>. Entiendo que puedo revocar mi consentimiento para recibir notificaciones por SMS en cualquier momento respondiendo con &#8220;STOP&#8221;.<\/label><\/li><\/ul><\/fieldset><\/div><\/div><!-- .wpforms-field-container --><div class=\"wpforms-recaptcha-container wpforms-is-turnstile\" ><div class=\"wpforms-turnstile\" data-sitekey=\"0x4AAAAAAAScOx5Ldab3F9go\" data-action=\"FormID-6221\"><\/div><input type=\"text\" name=\"g-recaptcha-hidden\" class=\"wpforms-recaptcha-hidden\" style=\"position:absolute!important;clip:rect(0,0,0,0)!important;height:1px!important;width:1px!important;border:0!important;overflow:hidden!important;padding:0!important;margin:0!important;\" data-rule-turnstile=\"1\"><\/div><div class=\"wpforms-submit-container\" ><input type=\"hidden\" name=\"wpforms[id]\" value=\"6221\"><input type=\"hidden\" name=\"page_title\" value=\"\"><input type=\"hidden\" name=\"page_url\" value=\"https:\/\/doair.com\/es\/wp-json\/wp\/v2\/pages\/6294\"><input type=\"hidden\" name=\"url_referer\" value=\"\"><button type=\"submit\" name=\"wpforms[submit]\" id=\"wpforms-submit-6221\" class=\"wpforms-submit\" data-alt-text=\"Enviando...\" data-submit-text=\"Enviar\" aria-live=\"assertive\" value=\"wpforms-submit\">Enviar<\/button><img loading=\"lazy\" decoding=\"async\" src=\"https:\/\/doair.com\/wp-content\/plugins\/wpforms\/assets\/images\/submit-spin.svg\" class=\"wpforms-submit-spinner\" style=\"display: none;\" width=\"26\" height=\"26\" alt=\"Cargando\"><\/div><\/form><\/div>  <!-- .wpforms-container -->\n<\/div><\/div>\n<\/div>\n<\/div>\n<\/div>","protected":false},"excerpt":{"rendered":"","protected":false},"author":1,"featured_media":0,"parent":0,"menu_order":0,"comment_status":"closed","ping_status":"closed","template":"","meta":{"footnotes":""},"class_list":["post-6294","page","type-page","status-publish"],"yoast_head":"<!-- This site is optimized with the Yoast SEO Premium plugin v26.5 (Yoast SEO v27.0) - https:\/\/yoast.com\/product\/yoast-seo-premium-wordpress\/ -->\n<title>Registro en L\u00ednea para el Servicio VIP de HVAC - DOAIR<\/title>\n<meta name=\"description\" content=\"Servicio de HVAC en DOAIR: Sin tarifas por servicio a domicilio, ofertas especiales y reserva prioritaria. Con licencia, asegurado, con equipos de primera calidad.\" \/>\n<meta name=\"robots\" content=\"index, follow, max-snippet:-1, max-image-preview:large, max-video-preview:-1\" \/>\n<link rel=\"canonical\" href=\"https:\/\/doair.com\/es\/vip-sign-up\/\" \/>\n<meta property=\"og:locale\" content=\"es_ES\" \/>\n<meta property=\"og:type\" content=\"article\" \/>\n<meta property=\"og:title\" content=\"Registro en L\u00ednea para el Servicio VIP de HVAC\" \/>\n<meta property=\"og:description\" content=\"Servicio de HVAC en DOAIR: Sin tarifas por servicio a domicilio, ofertas especiales y reserva prioritaria. Con licencia, asegurado, con equipos de primera calidad.\" \/>\n<meta property=\"og:url\" content=\"https:\/\/doair.com\/es\/vip-sign-up\/\" \/>\n<meta property=\"og:site_name\" content=\"DOAIR\" \/>\n<meta property=\"article:modified_time\" content=\"2024-06-01T03:00:21+00:00\" \/>\n<meta name=\"twitter:card\" content=\"summary_large_image\" \/>\n<meta name=\"twitter:label1\" content=\"Tiempo de lectura\" \/>\n\t<meta name=\"twitter:data1\" content=\"1 minuto\" \/>\n<script type=\"application\/ld+json\" class=\"yoast-schema-graph\">{\"@context\":\"https:\/\/schema.org\",\"@graph\":[{\"@type\":\"WebPage\",\"@id\":\"https:\/\/doair.com\/es\/vip-sign-up\/\",\"url\":\"https:\/\/doair.com\/es\/vip-sign-up\/\",\"name\":\"Registro en L\u00ednea para el Servicio VIP de HVAC - DOAIR\",\"isPartOf\":{\"@id\":\"https:\/\/doair.com\/es\/#website\"},\"datePublished\":\"2024-03-06T23:23:39+00:00\",\"dateModified\":\"2024-06-01T03:00:21+00:00\",\"description\":\"Servicio de HVAC en DOAIR: Sin tarifas por servicio a domicilio, ofertas especiales y reserva prioritaria. Con licencia, asegurado, con equipos de primera calidad.\",\"breadcrumb\":{\"@id\":\"https:\/\/doair.com\/es\/vip-sign-up\/#breadcrumb\"},\"inLanguage\":\"es\",\"potentialAction\":[{\"@type\":\"ReadAction\",\"target\":[\"https:\/\/doair.com\/es\/vip-sign-up\/\"]}]},{\"@type\":\"BreadcrumbList\",\"@id\":\"https:\/\/doair.com\/es\/vip-sign-up\/#breadcrumb\",\"itemListElement\":[{\"@type\":\"ListItem\",\"position\":1,\"name\":\"Home\",\"item\":\"https:\/\/doair.com\/es\/\"},{\"@type\":\"ListItem\",\"position\":2,\"name\":\"Registro en L\u00ednea para el Servicio VIP de HVAC\"}]},{\"@type\":\"WebSite\",\"@id\":\"https:\/\/doair.com\/es\/#website\",\"url\":\"https:\/\/doair.com\/es\/\",\"name\":\"DOAIR Heating & Air Conditioning\",\"description\":\"Heating &amp; Air Conditioning\",\"publisher\":{\"@id\":\"https:\/\/doair.com\/es\/#organization\"},\"potentialAction\":[{\"@type\":\"SearchAction\",\"target\":{\"@type\":\"EntryPoint\",\"urlTemplate\":\"https:\/\/doair.com\/es\/?s={search_term_string}\"},\"query-input\":{\"@type\":\"PropertyValueSpecification\",\"valueRequired\":true,\"valueName\":\"search_term_string\"}}],\"inLanguage\":\"es\"},{\"@type\":\"Organization\",\"@id\":\"https:\/\/doair.com\/es\/#organization\",\"name\":\"DOAIR INC\",\"url\":\"https:\/\/doair.com\/es\/\",\"logo\":{\"@type\":\"ImageObject\",\"inLanguage\":\"es\",\"@id\":\"https:\/\/doair.com\/es\/#\/schema\/logo\/image\/\",\"url\":\"https:\/\/doair.com\/wp-content\/uploads\/2024\/01\/DOAIR-Logo.svg\",\"contentUrl\":\"https:\/\/doair.com\/wp-content\/uploads\/2024\/01\/DOAIR-Logo.svg\",\"width\":1,\"height\":1,\"caption\":\"DOAIR INC\"},\"image\":{\"@id\":\"https:\/\/doair.com\/es\/#\/schema\/logo\/image\/\"}}]}<\/script>\n<!-- \/ Yoast SEO Premium plugin. -->","yoast_head_json":{"title":"Registro en L\u00ednea para el Servicio VIP de HVAC - DOAIR","description":"Servicio de HVAC en DOAIR: Sin tarifas por servicio a domicilio, ofertas especiales y reserva prioritaria. Con licencia, asegurado, con equipos de primera calidad.","robots":{"index":"index","follow":"follow","max-snippet":"max-snippet:-1","max-image-preview":"max-image-preview:large","max-video-preview":"max-video-preview:-1"},"canonical":"https:\/\/doair.com\/es\/vip-sign-up\/","og_locale":"es_ES","og_type":"article","og_title":"Registro en L\u00ednea para el Servicio VIP de HVAC","og_description":"Servicio de HVAC en DOAIR: Sin tarifas por servicio a domicilio, ofertas especiales y reserva prioritaria. Con licencia, asegurado, con equipos de primera calidad.","og_url":"https:\/\/doair.com\/es\/vip-sign-up\/","og_site_name":"DOAIR","article_modified_time":"2024-06-01T03:00:21+00:00","twitter_card":"summary_large_image","twitter_misc":{"Tiempo de lectura":"1 minuto"},"schema":{"@context":"https:\/\/schema.org","@graph":[{"@type":"WebPage","@id":"https:\/\/doair.com\/es\/vip-sign-up\/","url":"https:\/\/doair.com\/es\/vip-sign-up\/","name":"Registro en L\u00ednea para el Servicio VIP de HVAC - DOAIR","isPartOf":{"@id":"https:\/\/doair.com\/es\/#website"},"datePublished":"2024-03-06T23:23:39+00:00","dateModified":"2024-06-01T03:00:21+00:00","description":"Servicio de HVAC en DOAIR: Sin tarifas por servicio a domicilio, ofertas especiales y reserva prioritaria. Con licencia, asegurado, con equipos de primera calidad.","breadcrumb":{"@id":"https:\/\/doair.com\/es\/vip-sign-up\/#breadcrumb"},"inLanguage":"es","potentialAction":[{"@type":"ReadAction","target":["https:\/\/doair.com\/es\/vip-sign-up\/"]}]},{"@type":"BreadcrumbList","@id":"https:\/\/doair.com\/es\/vip-sign-up\/#breadcrumb","itemListElement":[{"@type":"ListItem","position":1,"name":"Home","item":"https:\/\/doair.com\/es\/"},{"@type":"ListItem","position":2,"name":"Registro en L\u00ednea para el Servicio VIP de HVAC"}]},{"@type":"WebSite","@id":"https:\/\/doair.com\/es\/#website","url":"https:\/\/doair.com\/es\/","name":"DOAIR Heating & Air Conditioning","description":"Heating &amp; Air Conditioning","publisher":{"@id":"https:\/\/doair.com\/es\/#organization"},"potentialAction":[{"@type":"SearchAction","target":{"@type":"EntryPoint","urlTemplate":"https:\/\/doair.com\/es\/?s={search_term_string}"},"query-input":{"@type":"PropertyValueSpecification","valueRequired":true,"valueName":"search_term_string"}}],"inLanguage":"es"},{"@type":"Organization","@id":"https:\/\/doair.com\/es\/#organization","name":"DOAIR INC","url":"https:\/\/doair.com\/es\/","logo":{"@type":"ImageObject","inLanguage":"es","@id":"https:\/\/doair.com\/es\/#\/schema\/logo\/image\/","url":"https:\/\/doair.com\/wp-content\/uploads\/2024\/01\/DOAIR-Logo.svg","contentUrl":"https:\/\/doair.com\/wp-content\/uploads\/2024\/01\/DOAIR-Logo.svg","width":1,"height":1,"caption":"DOAIR INC"},"image":{"@id":"https:\/\/doair.com\/es\/#\/schema\/logo\/image\/"}}]}},"_links":{"self":[{"href":"https:\/\/doair.com\/es\/wp-json\/wp\/v2\/pages\/6294","targetHints":{"allow":["GET"]}}],"collection":[{"href":"https:\/\/doair.com\/es\/wp-json\/wp\/v2\/pages"}],"about":[{"href":"https:\/\/doair.com\/es\/wp-json\/wp\/v2\/types\/page"}],"author":[{"embeddable":true,"href":"https:\/\/doair.com\/es\/wp-json\/wp\/v2\/users\/1"}],"replies":[{"embeddable":true,"href":"https:\/\/doair.com\/es\/wp-json\/wp\/v2\/comments?post=6294"}],"version-history":[{"count":16,"href":"https:\/\/doair.com\/es\/wp-json\/wp\/v2\/pages\/6294\/revisions"}],"predecessor-version":[{"id":6723,"href":"https:\/\/doair.com\/es\/wp-json\/wp\/v2\/pages\/6294\/revisions\/6723"}],"wp:attachment":[{"href":"https:\/\/doair.com\/es\/wp-json\/wp\/v2\/media?parent=6294"}],"curies":[{"name":"wp","href":"https:\/\/api.w.org\/{rel}","templated":true}]}}