{"id":5209,"date":"2024-02-06T13:59:57","date_gmt":"2024-02-06T21:59:57","guid":{"rendered":"https:\/\/doair.com\/condiciones-de-uso\/"},"modified":"2024-02-21T16:27:24","modified_gmt":"2024-02-22T00:27:24","slug":"condiciones-de-uso","status":"publish","type":"page","link":"https:\/\/doair.com\/es\/condiciones-de-uso\/","title":{"rendered":"Condiciones de uso"},"content":{"rendered":"\n<p>\u00daltima actualizaci\u00f3n: Feb 06 2024<\/p>\n\n<p>Bienvenido a DOAIR Inc. Nos complace ofrecerle servicios de HVAC (Calefacci\u00f3n, Ventilaci\u00f3n y Aire Acondicionado) de primera calidad. Por favor, lea atentamente estas Condiciones del servicio (&#8220;Condiciones&#8221;, &#8220;Condiciones del servicio&#8221;) antes de utilizar el sitio web https:\/\/doair.com (el &#8220;Servicio&#8221;) operado por DOAIR Inc. (&#8220;nosotros&#8221;, &#8220;nos&#8221;, o &#8220;nuestro&#8221;).<\/p>\n\n<p>Su acceso y uso del Servicio est\u00e1n condicionados a la aceptaci\u00f3n y cumplimiento de estas Condiciones. Estas Condiciones se aplican a todos los visitantes, usuarios y dem\u00e1s personas que deseen acceder o utilizar el Servicio.<\/p>\n\n<ol class=\"wp-block-list\">\n<li class=\"has-medium-font-size\" style=\"font-style:normal;font-weight:700\">Uso del Servicio<\/li>\n<\/ol>\n\n<p>DOAIR Inc. se especializa en proveer soluciones integrales de HVAC incluyendo servicios de instalaci\u00f3n, mantenimiento y reparaci\u00f3n. El Servicio se ofrece sujeto a su aceptaci\u00f3n sin modificaci\u00f3n de todos los t\u00e9rminos y condiciones aqu\u00ed contenidos.<\/p>\n\n<ol class=\"wp-block-list\" start=\"2\">\n<li class=\"has-medium-font-size\" style=\"font-style:normal;font-weight:700\">Cuentas<\/li>\n<\/ol>\n\n<p>Al crear una cuenta con nosotros, usted garantiza que la informaci\u00f3n que nos proporciona es exacta, completa y actual en todo momento. La informaci\u00f3n inexacta, incompleta u obsoleta puede dar lugar a la cancelaci\u00f3n inmediata de su cuenta en nuestro Servicio.<\/p>\n\n<ol class=\"wp-block-list\" start=\"3\">\n<li class=\"has-medium-font-size\" style=\"font-style:normal;font-weight:700\">Propiedad intelectual<\/li>\n<\/ol>\n\n<p>El Servicio y su contenido original (excluyendo cualquier elemento de terceros, incluyendo pero no limitado a manuales t\u00e9cnicos, planos de dise\u00f1o), caracter\u00edsticas y funcionalidad son y seguir\u00e1n siendo propiedad exclusiva de DOAIR Inc. y sus licenciantes. Nuestras marcas comerciales e imagen comercial no pueden utilizarse en relaci\u00f3n con ning\u00fan producto o servicio sin el consentimiento previo por escrito de DOAIR Inc.<\/p>\n\n<ol class=\"wp-block-list\" start=\"4\">\n<li class=\"has-medium-font-size\" style=\"font-style:normal;font-weight:700\">Enlaces a otros sitios web<\/li>\n<\/ol>\n\n<p>Nuestro Servicio puede contener enlaces a sitios web o servicios de terceros que no son propiedad ni est\u00e1n controlados por DOAIR Inc.<\/p>\n\n<p>DOAIR Inc. no tiene control alguno sobre el contenido, las pol\u00edticas de privacidad o las pr\u00e1cticas de sitios web o servicios de terceros, ni asume responsabilidad alguna por los mismos. No garantizamos las ofertas de ninguna de estas entidades o personas ni de sus sitios web.<\/p>\n\n<ol class=\"wp-block-list\" start=\"5\">\n<li class=\"has-medium-font-size\" style=\"font-style:normal;font-weight:700\">Terminaci\u00f3n<\/li>\n<\/ol>\n\n<p>Podemos cancelar o suspender su cuenta y prohibirle el acceso al Servicio inmediatamente, sin previo aviso ni responsabilidad, a nuestra entera discreci\u00f3n, por cualquier motivo y sin limitaci\u00f3n alguna, incluido, entre otros, el incumplimiento de las Condiciones.<\/p>\n\n<ol class=\"wp-block-list\" start=\"6\">\n<li class=\"has-medium-font-size\" style=\"font-style:normal;font-weight:700\">Indemnizaci\u00f3n<\/li>\n<\/ol>\n\n<p>Usted acepta defender, indemnizar y mantener indemne a DOAIR Inc. y a su licenciatario y licenciantes, y a sus empleados, contratistas, agentes, funcionarios y directores, de y contra cualquier y todo reclamo, da\u00f1o, obligaci\u00f3n, p\u00e9rdida, responsabilidad, costo o deuda, y gastos (incluyendo pero no limitado a honorarios de abogados), que resulten o surjan de a) su uso y acceso al Servicio, por usted o por cualquier persona que utilice su cuenta y contrase\u00f1a, o b) el incumplimiento de las presentes Condiciones.<\/p>\n\n<ol class=\"wp-block-list\" start=\"7\">\n<li class=\"has-medium-font-size\" style=\"font-style:normal;font-weight:700\">Limitaci\u00f3n de responsabilidad<\/li>\n<\/ol>\n\n<p>En ning\u00fan caso DOAIR Inc., ni sus directores, empleados, socios, agentes, proveedores o afiliados, ser\u00e1n responsables de ning\u00fan da\u00f1o indirecto, incidental, especial, consecuencial o punitivo, incluyendo sin limitaci\u00f3n, la p\u00e9rdida de beneficios, datos, uso, fondo de comercio u otras p\u00e9rdidas intangibles, resultantes de (i) su acceso o uso del Servicio o la imposibilidad de acceder o utilizar el Servicio; (ii) cualquier conducta o contenido de terceros en el Servicio; (iii) cualquier contenido obtenido del Servicio; y (iv) el acceso, uso o alteraci\u00f3n no autorizados de sus transmisiones o contenidos, ya sea sobre la base de una garant\u00eda, contrato, responsabilidad extracontractual (incluida la negligencia) o cualquier otra teor\u00eda jur\u00eddica, tanto si se nos ha informado como si no de la posibilidad de tales da\u00f1os, e incluso si se determina que una soluci\u00f3n establecida en el presente documento ha fracasado en su prop\u00f3sito esencial.<\/p>\n\n<ol class=\"wp-block-list\" start=\"8\">\n<li class=\"has-medium-font-size\" style=\"font-style:normal;font-weight:700\">Descargo de responsabilidad<\/li>\n<\/ol>\n\n<p>Usted utiliza el Servicio por su cuenta y riesgo. El Servicio se presta &#8220;TAL CUAL&#8221; y &#8220;SEG\u00daN DISPONIBILIDAD&#8221;. El Servicio se proporciona sin garant\u00edas de ning\u00fan tipo, ya sean expresas o impl\u00edcitas, incluidas, entre otras, las garant\u00edas impl\u00edcitas de comerciabilidad, idoneidad para un fin determinado, no infracci\u00f3n o curso de ejecuci\u00f3n.<\/p>\n\n<ol class=\"wp-block-list\" start=\"9\">\n<li class=\"has-medium-font-size\" style=\"font-style:normal;font-weight:700\">Derecho aplicable<\/li>\n<\/ol>\n\n<p>Las presentes Condiciones se regir\u00e1n e interpretar\u00e1n de conformidad con la legislaci\u00f3n del Estado de California, Estados Unidos, sin tener en cuenta sus disposiciones en materia de conflicto de leyes.<\/p>\n\n<ol class=\"wp-block-list\" start=\"10\">\n<li class=\"has-medium-font-size\" style=\"font-style:normal;font-weight:700\">Cambios en las condiciones<\/li>\n<\/ol>\n\n<p>Nos reservamos el derecho, a nuestra entera discreci\u00f3n, de modificar o sustituir estas Condiciones en cualquier momento. Si la revisi\u00f3n es sustancial, se avisar\u00e1 con al menos 30 d\u00edas de antelaci\u00f3n a la entrada en vigor de las nuevas condiciones. Lo que constituya un cambio sustancial se determinar\u00e1 a nuestra entera discreci\u00f3n.<\/p>\n\n<p>Al continuar accediendo o utilizando nuestro Servicio despu\u00e9s de que dichas revisiones entren en vigor, usted acepta quedar vinculado por los t\u00e9rminos revisados. Si no acepta las nuevas condiciones, ya no estar\u00e1 autorizado a utilizar el Servicio.<\/p>\n\n<p class=\"has-medium-font-size\" style=\"font-style:normal;font-weight:700\">Cont\u00e1ctenos<\/p>\n\n<p>Si tiene alguna pregunta sobre estas Condiciones, p\u00f3ngase en contacto con nosotros en <a href=\"mailto:Support@doair.com\">Support@doair.com.<\/a><\/p>\n","protected":false},"excerpt":{"rendered":"<p>\u00daltima actualizaci\u00f3n: Feb 06 2024 Bienvenido a DOAIR Inc. Nos &#8230; <a title=\"Condiciones de uso\" class=\"read-more\" href=\"https:\/\/doair.com\/es\/condiciones-de-uso\/\" aria-label=\"Leer m\u00e1s sobre Condiciones de uso\">Leer m\u00e1s<\/a><\/p>\n","protected":false},"author":1,"featured_media":0,"parent":0,"menu_order":0,"comment_status":"closed","ping_status":"closed","template":"","meta":{"footnotes":""},"class_list":["post-5209","page","type-page","status-publish"],"yoast_head":"<!-- This site is optimized with the Yoast SEO Premium plugin v26.5 (Yoast SEO v27.0) - https:\/\/yoast.com\/product\/yoast-seo-premium-wordpress\/ -->\n<title>Condiciones de uso - DOAIR<\/title>\n<meta name=\"robots\" content=\"index, follow, max-snippet:-1, max-image-preview:large, max-video-preview:-1\" \/>\n<link rel=\"canonical\" href=\"https:\/\/doair.com\/es\/condiciones-de-uso\/\" \/>\n<meta property=\"og:locale\" content=\"es_ES\" \/>\n<meta property=\"og:type\" content=\"article\" \/>\n<meta property=\"og:title\" content=\"Condiciones de uso\" \/>\n<meta property=\"og:description\" content=\"\u00daltima actualizaci\u00f3n: Feb 06 2024 Bienvenido a DOAIR Inc. Nos ... Leer m\u00e1s\" \/>\n<meta property=\"og:url\" content=\"https:\/\/doair.com\/es\/condiciones-de-uso\/\" \/>\n<meta property=\"og:site_name\" content=\"DOAIR\" \/>\n<meta property=\"article:modified_time\" content=\"2024-02-22T00:27:24+00:00\" \/>\n<meta name=\"twitter:card\" content=\"summary_large_image\" \/>\n<meta name=\"twitter:label1\" content=\"Tiempo de lectura\" \/>\n\t<meta name=\"twitter:data1\" content=\"4 minutos\" \/>\n<script type=\"application\/ld+json\" class=\"yoast-schema-graph\">{\"@context\":\"https:\/\/schema.org\",\"@graph\":[{\"@type\":\"WebPage\",\"@id\":\"https:\/\/doair.com\/es\/condiciones-de-uso\/\",\"url\":\"https:\/\/doair.com\/es\/condiciones-de-uso\/\",\"name\":\"Condiciones de uso - DOAIR\",\"isPartOf\":{\"@id\":\"https:\/\/doair.com\/es\/#website\"},\"datePublished\":\"2024-02-06T21:59:57+00:00\",\"dateModified\":\"2024-02-22T00:27:24+00:00\",\"breadcrumb\":{\"@id\":\"https:\/\/doair.com\/es\/condiciones-de-uso\/#breadcrumb\"},\"inLanguage\":\"es\",\"potentialAction\":[{\"@type\":\"ReadAction\",\"target\":[\"https:\/\/doair.com\/es\/condiciones-de-uso\/\"]}]},{\"@type\":\"BreadcrumbList\",\"@id\":\"https:\/\/doair.com\/es\/condiciones-de-uso\/#breadcrumb\",\"itemListElement\":[{\"@type\":\"ListItem\",\"position\":1,\"name\":\"Home\",\"item\":\"https:\/\/doair.com\/es\/\"},{\"@type\":\"ListItem\",\"position\":2,\"name\":\"Condiciones de uso\"}]},{\"@type\":\"WebSite\",\"@id\":\"https:\/\/doair.com\/es\/#website\",\"url\":\"https:\/\/doair.com\/es\/\",\"name\":\"DOAIR Heating & Air Conditioning\",\"description\":\"Heating &amp; Air Conditioning\",\"publisher\":{\"@id\":\"https:\/\/doair.com\/es\/#organization\"},\"potentialAction\":[{\"@type\":\"SearchAction\",\"target\":{\"@type\":\"EntryPoint\",\"urlTemplate\":\"https:\/\/doair.com\/es\/?s={search_term_string}\"},\"query-input\":{\"@type\":\"PropertyValueSpecification\",\"valueRequired\":true,\"valueName\":\"search_term_string\"}}],\"inLanguage\":\"es\"},{\"@type\":\"Organization\",\"@id\":\"https:\/\/doair.com\/es\/#organization\",\"name\":\"DOAIR INC\",\"url\":\"https:\/\/doair.com\/es\/\",\"logo\":{\"@type\":\"ImageObject\",\"inLanguage\":\"es\",\"@id\":\"https:\/\/doair.com\/es\/#\/schema\/logo\/image\/\",\"url\":\"https:\/\/doair.com\/wp-content\/uploads\/2024\/01\/DOAIR-Logo.svg\",\"contentUrl\":\"https:\/\/doair.com\/wp-content\/uploads\/2024\/01\/DOAIR-Logo.svg\",\"width\":1,\"height\":1,\"caption\":\"DOAIR INC\"},\"image\":{\"@id\":\"https:\/\/doair.com\/es\/#\/schema\/logo\/image\/\"}}]}<\/script>\n<!-- \/ Yoast SEO Premium plugin. -->","yoast_head_json":{"title":"Condiciones de uso - DOAIR","robots":{"index":"index","follow":"follow","max-snippet":"max-snippet:-1","max-image-preview":"max-image-preview:large","max-video-preview":"max-video-preview:-1"},"canonical":"https:\/\/doair.com\/es\/condiciones-de-uso\/","og_locale":"es_ES","og_type":"article","og_title":"Condiciones de uso","og_description":"\u00daltima actualizaci\u00f3n: Feb 06 2024 Bienvenido a DOAIR Inc. Nos ... Leer m\u00e1s","og_url":"https:\/\/doair.com\/es\/condiciones-de-uso\/","og_site_name":"DOAIR","article_modified_time":"2024-02-22T00:27:24+00:00","twitter_card":"summary_large_image","twitter_misc":{"Tiempo de lectura":"4 minutos"},"schema":{"@context":"https:\/\/schema.org","@graph":[{"@type":"WebPage","@id":"https:\/\/doair.com\/es\/condiciones-de-uso\/","url":"https:\/\/doair.com\/es\/condiciones-de-uso\/","name":"Condiciones de uso - DOAIR","isPartOf":{"@id":"https:\/\/doair.com\/es\/#website"},"datePublished":"2024-02-06T21:59:57+00:00","dateModified":"2024-02-22T00:27:24+00:00","breadcrumb":{"@id":"https:\/\/doair.com\/es\/condiciones-de-uso\/#breadcrumb"},"inLanguage":"es","potentialAction":[{"@type":"ReadAction","target":["https:\/\/doair.com\/es\/condiciones-de-uso\/"]}]},{"@type":"BreadcrumbList","@id":"https:\/\/doair.com\/es\/condiciones-de-uso\/#breadcrumb","itemListElement":[{"@type":"ListItem","position":1,"name":"Home","item":"https:\/\/doair.com\/es\/"},{"@type":"ListItem","position":2,"name":"Condiciones de uso"}]},{"@type":"WebSite","@id":"https:\/\/doair.com\/es\/#website","url":"https:\/\/doair.com\/es\/","name":"DOAIR Heating & Air Conditioning","description":"Heating &amp; Air Conditioning","publisher":{"@id":"https:\/\/doair.com\/es\/#organization"},"potentialAction":[{"@type":"SearchAction","target":{"@type":"EntryPoint","urlTemplate":"https:\/\/doair.com\/es\/?s={search_term_string}"},"query-input":{"@type":"PropertyValueSpecification","valueRequired":true,"valueName":"search_term_string"}}],"inLanguage":"es"},{"@type":"Organization","@id":"https:\/\/doair.com\/es\/#organization","name":"DOAIR INC","url":"https:\/\/doair.com\/es\/","logo":{"@type":"ImageObject","inLanguage":"es","@id":"https:\/\/doair.com\/es\/#\/schema\/logo\/image\/","url":"https:\/\/doair.com\/wp-content\/uploads\/2024\/01\/DOAIR-Logo.svg","contentUrl":"https:\/\/doair.com\/wp-content\/uploads\/2024\/01\/DOAIR-Logo.svg","width":1,"height":1,"caption":"DOAIR INC"},"image":{"@id":"https:\/\/doair.com\/es\/#\/schema\/logo\/image\/"}}]}},"_links":{"self":[{"href":"https:\/\/doair.com\/es\/wp-json\/wp\/v2\/pages\/5209","targetHints":{"allow":["GET"]}}],"collection":[{"href":"https:\/\/doair.com\/es\/wp-json\/wp\/v2\/pages"}],"about":[{"href":"https:\/\/doair.com\/es\/wp-json\/wp\/v2\/types\/page"}],"author":[{"embeddable":true,"href":"https:\/\/doair.com\/es\/wp-json\/wp\/v2\/users\/1"}],"replies":[{"embeddable":true,"href":"https:\/\/doair.com\/es\/wp-json\/wp\/v2\/comments?post=5209"}],"version-history":[{"count":3,"href":"https:\/\/doair.com\/es\/wp-json\/wp\/v2\/pages\/5209\/revisions"}],"predecessor-version":[{"id":5421,"href":"https:\/\/doair.com\/es\/wp-json\/wp\/v2\/pages\/5209\/revisions\/5421"}],"wp:attachment":[{"href":"https:\/\/doair.com\/es\/wp-json\/wp\/v2\/media?parent=5209"}],"curies":[{"name":"wp","href":"https:\/\/api.w.org\/{rel}","templated":true}]}}