{"id":5183,"date":"2023-10-09T22:09:43","date_gmt":"2023-10-10T05:09:43","guid":{"rendered":"https:\/\/doair.com\/politica-de-privacidad\/"},"modified":"2024-05-31T20:22:55","modified_gmt":"2024-06-01T03:22:55","slug":"politica-de-privacidad","status":"publish","type":"page","link":"https:\/\/doair.com\/es\/politica-de-privacidad\/","title":{"rendered":"Pol\u00edtica de Privacidad"},"content":{"rendered":"\n<h2 class=\"wp-block-heading\" id=\"h-who-we-are\">Qui\u00e9nes somos<\/h2>\n\n<p>La direcci\u00f3n de nuestro sitio web es: https:\/\/doair.com.<\/p>\n\n<h2 class=\"wp-block-heading\" id=\"h-comments\">Comentarios<\/h2>\n\n<p>Cuando los visitantes dejan comentarios en el sitio, recopilamos los datos que se muestran en el formulario de comentarios, as\u00ed como la direcci\u00f3n IP del visitante y la cadena del agente del usuario del navegador para ayudar a la detecci\u00f3n de spam.<\/p>\n\n<p>Se puede proporcionar al servicio Gravatar una cadena anonimizada creada a partir de tu direcci\u00f3n de correo electr\u00f3nico (tambi\u00e9n llamada hash) para ver si la est\u00e1s usando. La pol\u00edtica de privacidad del servicio Gravatar est\u00e1 disponible aqu\u00ed: https:\/\/automattic.com\/privacy\/. Despu\u00e9s de la aprobaci\u00f3n de tu comentario, tu foto de perfil es visible al p\u00fablico en el contexto de tu comentario.<\/p>\n\n<h2 class=\"wp-block-heading\" id=\"h-media\">Medios<\/h2>\n\n<p>Si subes im\u00e1genes al sitio web, debes evitar subir im\u00e1genes con datos de ubicaci\u00f3n incrustados (EXIF GPS) incluidos. Los visitantes del sitio web pueden descargar y extraer cualquier dato de ubicaci\u00f3n de las im\u00e1genes del sitio web.<\/p>\n\n<h2 class=\"wp-block-heading\" id=\"h-cookies\">Cookies<\/h2>\n\n<p>Si dejas un comentario en nuestro sitio puedes optar por guardar tu nombre, direcci\u00f3n de correo electr\u00f3nico y sitio web en las cookies. Esto es por tu comodidad para que no tengas que volver a llenar tus datos cuando dejes otro comentario. Estas cookies durar\u00e1n un a\u00f1o.<\/p>\n\n<p>Si visitas nuestra p\u00e1gina de inicio de sesi\u00f3n, configuraremos una cookie temporal para determinar si tu navegador acepta cookies. Esta cookie no contiene datos personales y se descarta cuando cierras tu navegador.<\/p>\n\n<p>Cuando inicies sesi\u00f3n, tambi\u00e9n configuraremos varias cookies para guardar tu informaci\u00f3n de inicio de sesi\u00f3n y tus opciones de visualizaci\u00f3n de pantalla. Las cookies de inicio de sesi\u00f3n duran dos d\u00edas, y las cookies de opciones de pantalla duran un a\u00f1o. Si seleccionas &#8220;Recordarme&#8221;, tu inicio de sesi\u00f3n persistir\u00e1 durante dos semanas. Si cierras sesi\u00f3n en tu cuenta, las cookies de inicio de sesi\u00f3n se eliminar\u00e1n.<\/p>\n\n<p>Si editas o publicas un art\u00edculo, se guardar\u00e1 una cookie adicional en tu navegador. Esta cookie no incluye datos personales y simplemente indica la ID de la publicaci\u00f3n del art\u00edculo que acabas de editar. Caduca despu\u00e9s de 1 d\u00eda.<\/p>\n\n<h2 class=\"wp-block-heading\" id=\"h-embedded-content-from-other-websites\">Contenido incrustado de otros sitios web<\/h2>\n\n<p>Los art\u00edculos de este sitio pueden incluir contenido incrustado (por ejemplo, videos, im\u00e1genes, art\u00edculos, etc.). El contenido incrustado de otros sitios web se comporta exactamente de la misma manera que si el visitante hubiera visitado el otro sitio web.<\/p>\n\n<p>Estos sitios web pueden recopilar datos sobre ti, utilizar cookies, incrustar un seguimiento adicional de terceros y supervisar tu interacci\u00f3n con ese contenido incrustado, incluyendo el seguimiento de tu interacci\u00f3n con el contenido incrustado si tienes una cuenta y has iniciado sesi\u00f3n en ese sitio web.<\/p>\n\n<h2 class=\"wp-block-heading\" id=\"h-who-we-share-your-data-with\">Con qui\u00e9n compartimos tus datos<\/h2>\n\n<p>No vendemos su informaci\u00f3n personal ni la informaci\u00f3n de sus suscripciones a terceros. Si solicitas un restablecimiento de contrase\u00f1a, tu direcci\u00f3n IP se incluir\u00e1 en el correo electr\u00f3nico de restablecimiento.<\/p>\n\n<h2 class=\"wp-block-heading\" id=\"h-how-long-we-retain-your-data\">Cu\u00e1nto tiempo conservamos tus datos<\/h2>\n\n<p>Si dejas un comentario, el comentario y sus metadatos se conservan indefinidamente. Esto es para que podamos reconocer y aprobar cualquier comentario de seguimiento de forma autom\u00e1tica en lugar de mantenerlos en una cola de moderaci\u00f3n.<\/p>\n\n<p>Para los usuarios que se registran en nuestro sitio web (si los hay), tambi\u00e9n almacenamos la informaci\u00f3n personal que proporcionan en su perfil de usuario. Todos los usuarios pueden ver, editar o eliminar su informaci\u00f3n personal en cualquier momento (excepto que no pueden cambiar su nombre de usuario). Los administradores del sitio web tambi\u00e9n pueden ver y editar esa informaci\u00f3n.<\/p>\n\n<h2 class=\"wp-block-heading\" id=\"h-what-rights-you-have-over-your-data\">Qu\u00e9 derechos tienes sobre tus datos<\/h2>\n\n<p>Si tienes una cuenta en este sitio, o has dejado comentarios, puedes solicitar recibir un archivo exportado de los datos personales que tenemos sobre ti, incluyendo cualquier dato que nos hayas proporcionado. Tambi\u00e9n puedes solicitar que borremos cualquier dato personal que tengamos sobre ti. Esto no incluye ning\u00fan dato que estemos obligados a conservar con fines administrativos, legales o de seguridad.<\/p>\n\n<h2 class=\"wp-block-heading\" id=\"h-where-your-data-is-sent\">A d\u00f3nde se env\u00edan tus datos<\/h2>\n\n<p>Los comentarios de los visitantes pueden ser verificados a trav\u00e9s de un servicio automatizado de detecci\u00f3n de spam.<\/p>\n\n<h2 class=\"wp-block-heading\" id=\"h-subscriptions-and-online-appointments\">Suscripciones y Citas en L\u00ednea<\/h2>\n\n<p>Para proporcionar servicios de suscripci\u00f3n y citas en l\u00ednea, podemos recoger su informaci\u00f3n personal, como su direcci\u00f3n de correo electr\u00f3nico, n\u00famero de tel\u00e9fono, nombre, direcci\u00f3n y mensaje. Podemos utilizar esta informaci\u00f3n para fines como marketing y prestaci\u00f3n de servicios, y podemos compartir esta informaci\u00f3n con proveedores de servicios de terceros. Prometemos seguir estrictamente esta pol\u00edtica de privacidad y las leyes y regulaciones de protecci\u00f3n de datos aplicables para procesar su informaci\u00f3n personal.<\/p>\n\n<h2 class=\"wp-block-heading\" id=\"h-third-party-service-providers\">Proveedores de Servicios de Terceros<\/h2>\n\n<p>Podemos utilizar los servicios proporcionados por empresas de terceros para procesar o analizar los datos recogidos. Estos proveedores de servicios de terceros han acordado cumplir con nuestros est\u00e1ndares de protecci\u00f3n de datos y solo procesar\u00e1n su informaci\u00f3n personal con el fin de proporcionar servicios.<\/p>\n\n<h2 class=\"wp-block-heading\" id=\"h-privacy-rights-for-california-residents\">Derechos de Privacidad para Residentes de California<\/h2>\n\n<p>Seg\u00fan la ley de California, los residentes de California tienen el derecho de saber si un negocio recopila su informaci\u00f3n personal, y c\u00f3mo esa informaci\u00f3n se utiliza y se comparte. Los residentes de California tambi\u00e9n tienen el derecho de solicitar que un negocio elimine su informaci\u00f3n personal y no venda su informaci\u00f3n.<\/p>\n\n<p>Si usted es un residente de California y desea ejercer estos derechos, por favor cont\u00e1ctenos.<\/p>\n\n<p>Prometemos no discriminarlo por ejercer estos derechos de privacidad.<\/p>\n\n<h2 class=\"wp-block-heading\" id=\"h-contact-information\">Informaci\u00f3n de contacto<\/h2>\n\n<p>Si tiene alguna pregunta o preocupaci\u00f3n sobre nuestra pol\u00edtica de privacidad, o necesita ejercer sus derechos de privacidad, por favor cont\u00e1ctenos a trav\u00e9s de los siguientes medios:<\/p>\n\n<p>Email: <a href=\"mailto:support@doair.com\">support@doair.com<\/a><\/p>\n","protected":false},"excerpt":{"rendered":"<p>Qui\u00e9nes somos La direcci\u00f3n de nuestro sitio web es: https:\/\/doair.com. &#8230; <a title=\"Pol\u00edtica de Privacidad\" class=\"read-more\" href=\"https:\/\/doair.com\/es\/politica-de-privacidad\/\" aria-label=\"Leer m\u00e1s sobre Pol\u00edtica de Privacidad\">Leer m\u00e1s<\/a><\/p>\n","protected":false},"author":1,"featured_media":0,"parent":0,"menu_order":0,"comment_status":"closed","ping_status":"closed","template":"","meta":{"footnotes":""},"class_list":["post-5183","page","type-page","status-publish"],"yoast_head":"<!-- This site is optimized with the Yoast SEO Premium plugin v26.5 (Yoast SEO v27.0) - https:\/\/yoast.com\/product\/yoast-seo-premium-wordpress\/ -->\n<title>Pol\u00edtica de Privacidad - DOAIR<\/title>\n<meta name=\"robots\" content=\"index, follow, max-snippet:-1, max-image-preview:large, max-video-preview:-1\" \/>\n<link rel=\"canonical\" href=\"https:\/\/doair.com\/es\/politica-de-privacidad\/\" \/>\n<meta property=\"og:locale\" content=\"es_ES\" \/>\n<meta property=\"og:type\" content=\"article\" \/>\n<meta property=\"og:title\" content=\"Pol\u00edtica de Privacidad\" \/>\n<meta property=\"og:description\" content=\"Qui\u00e9nes somos La direcci\u00f3n de nuestro sitio web es: https:\/\/doair.com. ... Leer m\u00e1s\" \/>\n<meta property=\"og:url\" content=\"https:\/\/doair.com\/es\/politica-de-privacidad\/\" \/>\n<meta property=\"og:site_name\" content=\"DOAIR\" \/>\n<meta property=\"article:modified_time\" content=\"2024-06-01T03:22:55+00:00\" \/>\n<meta name=\"twitter:card\" content=\"summary_large_image\" \/>\n<meta name=\"twitter:label1\" content=\"Tiempo de lectura\" \/>\n\t<meta name=\"twitter:data1\" content=\"5 minutos\" \/>\n<script type=\"application\/ld+json\" class=\"yoast-schema-graph\">{\"@context\":\"https:\/\/schema.org\",\"@graph\":[{\"@type\":\"WebPage\",\"@id\":\"https:\/\/doair.com\/es\/politica-de-privacidad\/\",\"url\":\"https:\/\/doair.com\/es\/politica-de-privacidad\/\",\"name\":\"Pol\u00edtica de Privacidad - DOAIR\",\"isPartOf\":{\"@id\":\"https:\/\/doair.com\/es\/#website\"},\"datePublished\":\"2023-10-10T05:09:43+00:00\",\"dateModified\":\"2024-06-01T03:22:55+00:00\",\"breadcrumb\":{\"@id\":\"https:\/\/doair.com\/es\/politica-de-privacidad\/#breadcrumb\"},\"inLanguage\":\"es\",\"potentialAction\":[{\"@type\":\"ReadAction\",\"target\":[\"https:\/\/doair.com\/es\/politica-de-privacidad\/\"]}]},{\"@type\":\"BreadcrumbList\",\"@id\":\"https:\/\/doair.com\/es\/politica-de-privacidad\/#breadcrumb\",\"itemListElement\":[{\"@type\":\"ListItem\",\"position\":1,\"name\":\"Home\",\"item\":\"https:\/\/doair.com\/es\/\"},{\"@type\":\"ListItem\",\"position\":2,\"name\":\"Pol\u00edtica de Privacidad\"}]},{\"@type\":\"WebSite\",\"@id\":\"https:\/\/doair.com\/es\/#website\",\"url\":\"https:\/\/doair.com\/es\/\",\"name\":\"DOAIR Heating & Air Conditioning\",\"description\":\"Heating &amp; Air Conditioning\",\"publisher\":{\"@id\":\"https:\/\/doair.com\/es\/#organization\"},\"potentialAction\":[{\"@type\":\"SearchAction\",\"target\":{\"@type\":\"EntryPoint\",\"urlTemplate\":\"https:\/\/doair.com\/es\/?s={search_term_string}\"},\"query-input\":{\"@type\":\"PropertyValueSpecification\",\"valueRequired\":true,\"valueName\":\"search_term_string\"}}],\"inLanguage\":\"es\"},{\"@type\":\"Organization\",\"@id\":\"https:\/\/doair.com\/es\/#organization\",\"name\":\"DOAIR INC\",\"url\":\"https:\/\/doair.com\/es\/\",\"logo\":{\"@type\":\"ImageObject\",\"inLanguage\":\"es\",\"@id\":\"https:\/\/doair.com\/es\/#\/schema\/logo\/image\/\",\"url\":\"https:\/\/doair.com\/wp-content\/uploads\/2024\/01\/DOAIR-Logo.svg\",\"contentUrl\":\"https:\/\/doair.com\/wp-content\/uploads\/2024\/01\/DOAIR-Logo.svg\",\"width\":1,\"height\":1,\"caption\":\"DOAIR INC\"},\"image\":{\"@id\":\"https:\/\/doair.com\/es\/#\/schema\/logo\/image\/\"}}]}<\/script>\n<!-- \/ Yoast SEO Premium plugin. -->","yoast_head_json":{"title":"Pol\u00edtica de Privacidad - DOAIR","robots":{"index":"index","follow":"follow","max-snippet":"max-snippet:-1","max-image-preview":"max-image-preview:large","max-video-preview":"max-video-preview:-1"},"canonical":"https:\/\/doair.com\/es\/politica-de-privacidad\/","og_locale":"es_ES","og_type":"article","og_title":"Pol\u00edtica de Privacidad","og_description":"Qui\u00e9nes somos La direcci\u00f3n de nuestro sitio web es: https:\/\/doair.com. ... Leer m\u00e1s","og_url":"https:\/\/doair.com\/es\/politica-de-privacidad\/","og_site_name":"DOAIR","article_modified_time":"2024-06-01T03:22:55+00:00","twitter_card":"summary_large_image","twitter_misc":{"Tiempo de lectura":"5 minutos"},"schema":{"@context":"https:\/\/schema.org","@graph":[{"@type":"WebPage","@id":"https:\/\/doair.com\/es\/politica-de-privacidad\/","url":"https:\/\/doair.com\/es\/politica-de-privacidad\/","name":"Pol\u00edtica de Privacidad - DOAIR","isPartOf":{"@id":"https:\/\/doair.com\/es\/#website"},"datePublished":"2023-10-10T05:09:43+00:00","dateModified":"2024-06-01T03:22:55+00:00","breadcrumb":{"@id":"https:\/\/doair.com\/es\/politica-de-privacidad\/#breadcrumb"},"inLanguage":"es","potentialAction":[{"@type":"ReadAction","target":["https:\/\/doair.com\/es\/politica-de-privacidad\/"]}]},{"@type":"BreadcrumbList","@id":"https:\/\/doair.com\/es\/politica-de-privacidad\/#breadcrumb","itemListElement":[{"@type":"ListItem","position":1,"name":"Home","item":"https:\/\/doair.com\/es\/"},{"@type":"ListItem","position":2,"name":"Pol\u00edtica de Privacidad"}]},{"@type":"WebSite","@id":"https:\/\/doair.com\/es\/#website","url":"https:\/\/doair.com\/es\/","name":"DOAIR Heating & Air Conditioning","description":"Heating &amp; Air Conditioning","publisher":{"@id":"https:\/\/doair.com\/es\/#organization"},"potentialAction":[{"@type":"SearchAction","target":{"@type":"EntryPoint","urlTemplate":"https:\/\/doair.com\/es\/?s={search_term_string}"},"query-input":{"@type":"PropertyValueSpecification","valueRequired":true,"valueName":"search_term_string"}}],"inLanguage":"es"},{"@type":"Organization","@id":"https:\/\/doair.com\/es\/#organization","name":"DOAIR INC","url":"https:\/\/doair.com\/es\/","logo":{"@type":"ImageObject","inLanguage":"es","@id":"https:\/\/doair.com\/es\/#\/schema\/logo\/image\/","url":"https:\/\/doair.com\/wp-content\/uploads\/2024\/01\/DOAIR-Logo.svg","contentUrl":"https:\/\/doair.com\/wp-content\/uploads\/2024\/01\/DOAIR-Logo.svg","width":1,"height":1,"caption":"DOAIR INC"},"image":{"@id":"https:\/\/doair.com\/es\/#\/schema\/logo\/image\/"}}]}},"_links":{"self":[{"href":"https:\/\/doair.com\/es\/wp-json\/wp\/v2\/pages\/5183","targetHints":{"allow":["GET"]}}],"collection":[{"href":"https:\/\/doair.com\/es\/wp-json\/wp\/v2\/pages"}],"about":[{"href":"https:\/\/doair.com\/es\/wp-json\/wp\/v2\/types\/page"}],"author":[{"embeddable":true,"href":"https:\/\/doair.com\/es\/wp-json\/wp\/v2\/users\/1"}],"replies":[{"embeddable":true,"href":"https:\/\/doair.com\/es\/wp-json\/wp\/v2\/comments?post=5183"}],"version-history":[{"count":7,"href":"https:\/\/doair.com\/es\/wp-json\/wp\/v2\/pages\/5183\/revisions"}],"predecessor-version":[{"id":6731,"href":"https:\/\/doair.com\/es\/wp-json\/wp\/v2\/pages\/5183\/revisions\/6731"}],"wp:attachment":[{"href":"https:\/\/doair.com\/es\/wp-json\/wp\/v2\/media?parent=5183"}],"curies":[{"name":"wp","href":"https:\/\/api.w.org\/{rel}","templated":true}]}}